{"id":3,"date":"2019-02-04T15:42:34","date_gmt":"2019-02-04T15:42:34","guid":{"rendered":"http:\/\/jj-translation.net\/?page_id=3"},"modified":"2024-03-29T22:22:25","modified_gmt":"2024-03-29T21:22:25","slug":"privacy-policy","status":"publish","type":"page","link":"https:\/\/jj-translation.net\/de\/privacy-policy\/","title":{"rendered":"Datenschutz"},"content":{"rendered":"\n<p class=\"has-pale-pink-color has-text-color has-link-color wp-elements-0c6c69dc2e4509145c5d7115067e5e67\"><strong>Haftung<\/strong><br>Ich \u00fcbernehme keine Haftung f\u00fcr den Inhalt der von mir verlinkten Webseiten, f\u00fcr die ausschlie\u00dflich deren Betreiber verantwortlich sind. Dasselbe gilt f\u00fcr den jeglichen Textinhalt Dritter.<\/p>\n\n\n\n<h1 class=\"wp-block-heading has-text-align-center has-pale-pink-color has-text-color has-link-color wp-elements-730097b5e924ebac21e17504a974cc13\" style=\"text-transform:capitalize\"><strong>Datenschutzerkl\u00e4rung<\/strong><\/h1>\n\n\n\n<h2 class=\"wp-block-heading\" style=\"text-transform:capitalize\">1. Datenerhebung<\/h2>\n\n\n\n<p>Immer dann, wenn Sie meine Website besuchen, mir eine Preisanfrage schicken, Informationen anfordern oder wenn Sie mir einen Auftrag erteilen, erhebe ich Daten. Die erhobenen Daten umfassen den Firmennamen Ihrer Gesellschaft bzw. juristischen Person oder Ihren eigenen Namen, wenn es sich um eine nat\u00fcrliche Person handeln sollte. Handelt es sich um eine juristische Person, werden auch der Name des Ansprechpartners, die E-Mail-Adresse und die Telefonnummer gespeichert. Die f\u00fcr die Rechnungsstellung erforderlichen Daten bleiben ebenfalls in meinem System. Online durchgef\u00fchrte Zahlungen werden gesichert durchgef\u00fchrt. Ich habe allerdings keine Kenntnis \u00fcber die f\u00fcr die Zahlung eingegeben Bankinformationen, die bei der Bank oder bei Paypal verbleiben. Haben Sie mir Ihre Bankverbindung mitgeteilt (IBAN), wird sie gem\u00e4\u00df den Bestimmungen der DSGVO gesichert aufbewahrt.<br>Wenn Sie meine Website besuchen, erhalte und speichere ich automatisch Informationen zu Ihrem Computer und Browser, d. h. Ihre IP-Adresse, Ihre Textverarbeitungsprogramme, Ihre Ger\u00e4teversionen und -arten (PC, MAC, Tablet, Handy usw.).<\/p>\n\n\n\n<h2 class=\"wp-block-heading\" style=\"text-transform:none\">2. Informationsverwendung. Geheimhaltung und Weitergabe an Dritte<\/h2>\n\n\n\n<p>Ich bin die einzige Inhaberin der auf dieser Website erhobenen Informationen. Alle durch mir erhobenen Informationen werden ausschlie\u00dflich zu internen Zwecken verwendet und zu keinem Zeitpunkt aus keinerlei Grund an eine andere Gesellschaft verkauft, \u00fcbertragen oder abgetreten oder mit dieser getauscht (au\u00dfer im Fall einer offiziellen Aufforderung seitens der entsprechenden zust\u00e4ndigen Beh\u00f6rden, die rechtliche Untersuchungen zu illegalen Aktivit\u00e4ten, vermutetem Betrug oder Situationen durchf\u00fchren m\u00fcssen, die potentielle Bedrohungen der physischen Sicherheit jedes Menschen oder Verst\u00f6\u00dfe gegen die Nutzungsbedingungen implizieren, oder wenn mich das Gesetz dazu zwingt). Dies umfasst nicht die dritten Vertrauensparteien, die mir beim Betreiben dieser Website, bei der Umsetzung oder der \u00c4nderung des Verwaltungsprogramms oder bei der Abwicklung meiner Gesch\u00e4fte helfen, insofern diese Parteien einwilligen, diese Informationen geheim zu halten. Ich versende keine Newsletter.<\/p>\n\n\n\n<h2 class=\"wp-block-heading\" style=\"text-transform:none\">3. Datenschutz<\/h2>\n\n\n\n<p>Ich wende eine Vielzahl von verschiedenen Sicherheitsma\u00dfnahmen an, um die Sicherheit Ihrer personenbezogenen Daten gem\u00e4\u00df den Empfehlungen der DSGVO, mit der ich im Einklang stehe, zu sch\u00fctzen. Dies umfasst neueste Verschl\u00fcsselungstechnologie, um die online \u00fcbertragenen sensiblen Informationen zu sch\u00fctzen. Ihre Daten werden auch au\u00dferhalb des Internets gesch\u00fctzt, indem sie auf externen Datentr\u00e4gern gespeichert und archiviert werden. Lediglich die Mitarbeiter und Dienstleister, die eine spezifische Arbeit ausf\u00fchren m\u00fcssen (z. B. die Rechnungsstellung oder der Kundenservice), haben Zugriff auf die identifizierbaren personenbezogenen Daten. Die f\u00fcr die Speicherung der identifizierbaren personenbezogenen Daten verwendeten Computer und Server werden in einem sicheren Umfeld aufbewahrt.<\/p>\n\n\n\n<h2 class=\"wp-block-heading\" style=\"text-transform:none\">4. Cookies<\/h2>\n\n\n\n<p>Cookies verbessern den Zugang zu meiner Website, durch sie lassen sich wiederkehrende Besucher identifizieren. Diese Verwendung von Cookies ist jedoch in keiner Weise mit pers\u00f6nlich identifizierbaren Informationen auf der Website verbunden.<br>Ein Cookie ist eine kleine Datei, die von einem Server auf dem Endger\u00e4t (PC, Smartphone, usw.) eines Nutzers gespeichert wird und mit einer Webdomain (d. h. in den meisten F\u00e4llen mit allen Seiten einer Website) verkn\u00fcpft ist.<\/p>\n\n\n\n<p>4.1.Cookies ablehnen<br>Mit Ausnahme der unbedingt erforderlichen Cookies erfordert die Speicherung eines Cookies auf einem Endger\u00e4t Ihre Zustimmung, die ich bei Ihnen einhole, wenn Sie meine Website aufrufen. Es steht dem Nutzer frei, alle Arten von Cookies abzulehnen, die f\u00fcr das Funktionieren der Website nicht zwingend ben\u00f6tigt werden. Wenn Sie Ihren Besuch auf der Website fortsetzen, ohne die Speicherung dieser Cookies abzulehnen, stimmen Sie automatisch deren Verwendung zu.<br>Bitte beachten Sie, dass, wenn Sie Cookies ablehnen oder l\u00f6schen, w\u00e4hrend Sie auf dieser Website surfen, ich Ihre gew\u00e4hlten Einstellungen nicht speichern kann, wodurch einige Funktionen der Seiten nicht funktionieren werden, und ich jedes Mal, wenn Sie die Website besuchen, erneut Ihre Zustimmung zur Verwendung von Cookies einholen muss.<br>Wenn Sie sich dennoch dazu entschlie\u00dfen, die Konfiguration Ihres Zugriffs auf die Website zu \u00e4ndern, sollten Sie wissen, dass Sie jederzeit die M\u00f6glichkeit haben, Cookies zu l\u00f6schen oder das Speichern dieser Informationen auf Ihrem Computer zu verhindern, indem Sie die Konfigurationseinstellungen Ihres Browsers ver\u00e4ndern.<\/p>\n\n\n\n<p>4.2. Erweiterte Informationen \u00fcber Cookies<br>Die auf Cookies bezogenen gesetzlichen Richtlinien werden von mir in regelm\u00e4\u00dfigen Abst\u00e4nden \u00fcberpr\u00fcft, um sicherzustellen, dass sie auf dem aktuellen Stand ist. Die angef\u00fchrten Informationen k\u00f6nnen daher \u00c4nderungen unterliegen.<\/p>\n\n\n\n<p>Sollten Sie weitere Informationen \u00fcber Cookies ben\u00f6tigen, ziehen Sie bitte die <a href=\"https:\/\/www.dsb.gv.at\/\" data-type=\"link\" data-id=\"https:\/\/www.dsb.gv.at\/\">Webseite der Datenschutzbeh\u00f6rde <\/a>zurate.<\/p>\n\n\n\n<h2 class=\"wp-block-heading\" style=\"text-transform:none\">5. Datenspeicherung<\/h2>\n\n\n\n<p>Zu internen Verwaltungszwecken sowie zu steuerlichen Zwecken speicher ich Ihre Daten automatisch \u00fcber einen Zeitraum von f\u00fcnf Jahren zus\u00e4tzlich zum laufenden Jahr. Sollte nach Ablauf dieser Frist keinerlei gesch\u00e4ftliche Beziehung zwischen unseren Unternehmen bestehen, werden sie automatisch von meinen Servern gel\u00f6scht. Mit der Errichtung einer gesch\u00e4ftlichen Beziehung mit mir stimmen Sie dieser Bestimmung unwiderruflich zu.<\/p>\n\n\n\n<h2 class=\"wp-block-heading\" style=\"text-transform:none\">6. Abmelden<\/h2>\n\n\n\n<p>Ich verwende die von Ihnen angegebene Telefonnummer oder E-Mail-Adresse, um Ihnen Informationen und Aktualisierungen zu Ihrem Auftrag zuzusenden. Die Anforderung eines Kostenvoranschlags, einer Information oder einer Leistung impliziert Ihre unwiderrufliche Zustimmung, dass ich die mitgeteilte Telefonnummer oder E-Mail-Adresse verwenden darf, sowie die Annahme der allgemeinen Gesch\u00e4ftsbedingungen.<\/p>\n\n\n\n<h2 class=\"wp-block-heading\" style=\"text-transform:none\">7. Zustimmung<\/h2>\n\n\n\n<p>Mit der Nutzung dieser Website stimmen Sie der oben aufgef\u00fchrten Datenschutzerkl\u00e4rung zu.<br>Sie verf\u00fcgen \u00fcber das Recht auf Zugriff, Berichtigung oder L\u00f6schung Ihrer personenbezogenen Daten. Senden Sie zu diesem Zweck einfach eine entsprechende Anfrage an die folgende Adresse: info@jj-translation.net.<br>Ich habe alle Sicherheitsma\u00dfnahmen umgesetzt, um Ihre Daten zu sch\u00fctzen, und verpflichte mich, Sie \u00fcber jede m\u00f6gliche Sicherheitsl\u00fccke und die entsprechenden Ma\u00dfnahmen zu informieren, um diese L\u00fccke zu beheben.<\/p>\n\n\n\n<p>Bearbeitet von der Quelle: https:\/\/www.alphatrad.at\/Impressum<\/p>\n","protected":false},"excerpt":{"rendered":"<p>HaftungIch \u00fcbernehme keine Haftung f\u00fcr den Inhalt der von mir verlinkten Webseiten, f\u00fcr die ausschlie\u00dflich deren Betreiber verantwortlich sind. Dasselbe gilt f\u00fcr den jeglichen Textinhalt Dritter. Datenschutzerkl\u00e4rung 1. Datenerhebung Immer [&hellip;]<\/p>\n","protected":false},"author":1,"featured_media":0,"parent":0,"menu_order":0,"comment_status":"closed","ping_status":"open","template":"","meta":{"footnotes":"","_links_to":"","_links_to_target":""},"class_list":["post-3","page","type-page","status-publish","hentry"],"translation":{"provider":"WPGlobus","version":"3.0.2","language":"de","enabled_languages":["en","de","hr"],"languages":{"en":{"title":true,"content":true,"excerpt":false},"de":{"title":true,"content":true,"excerpt":false},"hr":{"title":true,"content":true,"excerpt":false}}},"rise-blocks_excerpt":"HaftungIch \u00fcbernehme keine Haftung f\u00fcr den Inhalt der von mir verlinkten Webseiten, f\u00fcr die ausschlie\u00dflich deren Betreiber verantwortlich sind. Dasselbe gilt f\u00fcr den jeglichen Textinhalt Dritter. Datenschutzerkl\u00e4rung 1. Datenerhebung Immer..","_links":{"self":[{"href":"https:\/\/jj-translation.net\/de\/wp-json\/wp\/v2\/pages\/3","targetHints":{"allow":["GET"]}}],"collection":[{"href":"https:\/\/jj-translation.net\/de\/wp-json\/wp\/v2\/pages"}],"about":[{"href":"https:\/\/jj-translation.net\/de\/wp-json\/wp\/v2\/types\/page"}],"author":[{"embeddable":true,"href":"https:\/\/jj-translation.net\/de\/wp-json\/wp\/v2\/users\/1"}],"replies":[{"embeddable":true,"href":"https:\/\/jj-translation.net\/de\/wp-json\/wp\/v2\/comments?post=3"}],"version-history":[{"count":36,"href":"https:\/\/jj-translation.net\/de\/wp-json\/wp\/v2\/pages\/3\/revisions"}],"predecessor-version":[{"id":1394,"href":"https:\/\/jj-translation.net\/de\/wp-json\/wp\/v2\/pages\/3\/revisions\/1394"}],"wp:attachment":[{"href":"https:\/\/jj-translation.net\/de\/wp-json\/wp\/v2\/media?parent=3"}],"curies":[{"name":"wp","href":"https:\/\/api.w.org\/{rel}","templated":true}]}}