{"id":1242,"date":"2024-03-23T22:02:40","date_gmt":"2024-03-23T21:02:40","guid":{"rendered":"https:\/\/jj-translation.net\/?page_id=1242"},"modified":"2024-03-26T00:13:06","modified_gmt":"2024-03-25T23:13:06","slug":"impressum","status":"publish","type":"page","link":"https:\/\/jj-translation.net\/hr\/impressum\/","title":{"rendered":"Impresum"},"content":{"rendered":"\n<p class=\"has-black-color has-pale-ocean-gradient-background has-text-color has-background has-link-color wp-elements-ec144df196184ec2ab1291886d2dc148\"><strong>Jasminka Jakic<br>Margareteng\u00fcrtel 6\/25<br>A-1050 Wien<br>\u00d6sterreich<br>Telefon: +43 (0)660 567 50 11<br>E-Mail: info@jj-translation.net<\/strong><\/p>\n\n\n\n<p class=\"has-black-color has-pale-ocean-gradient-background has-text-color has-background has-link-color wp-elements-64979baba587e32ef043725bf19714db\"><strong>Vlasnica:<br>Jasminka Jakic<\/strong><\/p>\n\n\n\n<p class=\"has-black-color has-pale-ocean-gradient-background has-text-color has-background has-link-color wp-elements-f9d799b2ba8e5f0900c3c43ad039aad1\"><strong>Sjedi\u0161te: Be\u010d<\/strong><\/p>\n","protected":false},"excerpt":{"rendered":"<p>Jasminka JakicMargareteng\u00fcrtel 6\/25A-1050 Wien\u00d6sterreichTelefon: +43 (0)660 567 50 11E-Mail: info@jj-translation.net Vlasnica:Jasminka Jakic Sjedi\u0161te: Be\u010d<\/p>\n","protected":false},"author":2,"featured_media":0,"parent":0,"menu_order":0,"comment_status":"closed","ping_status":"closed","template":"","meta":{"footnotes":"","_links_to":"","_links_to_target":""},"class_list":["post-1242","page","type-page","status-publish","hentry"],"translation":{"provider":"WPGlobus","version":"3.0.2","language":"hr","enabled_languages":["en","de","hr"],"languages":{"en":{"title":true,"content":true,"excerpt":false},"de":{"title":true,"content":true,"excerpt":false},"hr":{"title":true,"content":true,"excerpt":false}}},"rise-blocks_excerpt":"Jasminka JakicMargareteng\u00fcrtel 6\/25A-1050 Wien\u00d6sterreichTelefon: +43 (0)660 567 50 11E-Mail: info@jj-translation.net Vlasnica:Jasminka Jakic Sjedi\u0161te: Be\u010d","_links":{"self":[{"href":"https:\/\/jj-translation.net\/hr\/wp-json\/wp\/v2\/pages\/1242","targetHints":{"allow":["GET"]}}],"collection":[{"href":"https:\/\/jj-translation.net\/hr\/wp-json\/wp\/v2\/pages"}],"about":[{"href":"https:\/\/jj-translation.net\/hr\/wp-json\/wp\/v2\/types\/page"}],"author":[{"embeddable":true,"href":"https:\/\/jj-translation.net\/hr\/wp-json\/wp\/v2\/users\/2"}],"replies":[{"embeddable":true,"href":"https:\/\/jj-translation.net\/hr\/wp-json\/wp\/v2\/comments?post=1242"}],"version-history":[{"count":7,"href":"https:\/\/jj-translation.net\/hr\/wp-json\/wp\/v2\/pages\/1242\/revisions"}],"predecessor-version":[{"id":1328,"href":"https:\/\/jj-translation.net\/hr\/wp-json\/wp\/v2\/pages\/1242\/revisions\/1328"}],"wp:attachment":[{"href":"https:\/\/jj-translation.net\/hr\/wp-json\/wp\/v2\/media?parent=1242"}],"curies":[{"name":"wp","href":"https:\/\/api.w.org\/{rel}","templated":true}]}}