{"id":255,"date":"2019-05-04T08:25:10","date_gmt":"2019-05-04T07:25:10","guid":{"rendered":"http:\/\/jj-translation.net\/?page_id=255"},"modified":"2025-12-02T06:31:41","modified_gmt":"2025-12-02T05:31:41","slug":"interpreting","status":"publish","type":"page","link":"https:\/\/jj-translation.net\/hr\/interpreting\/","title":{"rendered":"Sudski tuma\u010d i usmeni prijevod"},"content":{"rendered":"\n\n\n<p class=\"has-black-color has-pale-ocean-gradient-background has-text-color has-background has-link-color wp-elements-f8b5f07553206d8852b31546e01eb9fc\"><strong>Usmeno prevo\u0111enje na svim jezicima.<\/strong><\/p>\n\n\n\n<p class=\"has-black-color has-pale-ocean-gradient-background has-text-color has-background has-link-color wp-elements-452db430fcd2dfd0698bf8cf202b23ac\"><strong>Specijalizirana sam na konsekutivno prevo\u0111enje i u dr\u017eavnim institucijama i ovla\u0161teni sam sudski tuma\u010d.<\/strong><\/p>\n\n\n\n<p class=\"has-black-color has-pale-ocean-gradient-background has-text-color has-background has-link-color wp-elements-32ec3c37d27c0b7a2953a4b4a189d0fe\"><strong>80\u20ac\/sat<\/strong> <strong>minimum.<\/strong> <strong>Ovisno od mjestu i instituciji.<\/strong><\/p>\n\n\n\n<p class=\"has-text-align-center has-vivid-red-color has-blush-light-purple-gradient-background has-text-color has-background has-link-color wp-elements-d76fb3e25099417ddc7f9a0ddfb1378d\"><strong><a href=\"https:\/\/jj-translation.net\/contact-me\/\" data-type=\"page\" data-id=\"183\">Kontakt<\/a><\/strong><\/p>\n\n\n<p>","protected":false},"excerpt":{"rendered":"<p>Usmeno prevo\u0111enje na svim jezicima. Specijalizirana sam na konsekutivno prevo\u0111enje i u dr\u017eavnim institucijama i ovla\u0161teni sam sudski tuma\u010d. 80\u20ac\/sat minimum. Ovisno od mjestu i instituciji. Kontakt<\/p>\n","protected":false},"author":1,"featured_media":1513,"parent":0,"menu_order":0,"comment_status":"closed","ping_status":"closed","template":"","meta":{"footnotes":"","_links_to":"","_links_to_target":""},"class_list":["post-255","page","type-page","status-publish","has-post-thumbnail","hentry"],"translation":{"provider":"WPGlobus","version":"3.0.2","language":"hr","enabled_languages":["en","de","hr"],"languages":{"en":{"title":true,"content":true,"excerpt":false},"de":{"title":true,"content":true,"excerpt":false},"hr":{"title":true,"content":true,"excerpt":false}}},"rise-blocks_excerpt":"Usmeno prevo\u0111enje na svim jezicima. Specijalizirana sam na konsekutivno prevo\u0111enje i u dr\u017eavnim institucijama i ovla\u0161teni sam sudski tuma\u010d. 80\u20ac\/sat minimum. Ovisno od mjestu i instituciji. Kontakt","_links":{"self":[{"href":"https:\/\/jj-translation.net\/hr\/wp-json\/wp\/v2\/pages\/255","targetHints":{"allow":["GET"]}}],"collection":[{"href":"https:\/\/jj-translation.net\/hr\/wp-json\/wp\/v2\/pages"}],"about":[{"href":"https:\/\/jj-translation.net\/hr\/wp-json\/wp\/v2\/types\/page"}],"author":[{"embeddable":true,"href":"https:\/\/jj-translation.net\/hr\/wp-json\/wp\/v2\/users\/1"}],"replies":[{"embeddable":true,"href":"https:\/\/jj-translation.net\/hr\/wp-json\/wp\/v2\/comments?post=255"}],"version-history":[{"count":106,"href":"https:\/\/jj-translation.net\/hr\/wp-json\/wp\/v2\/pages\/255\/revisions"}],"predecessor-version":[{"id":1545,"href":"https:\/\/jj-translation.net\/hr\/wp-json\/wp\/v2\/pages\/255\/revisions\/1545"}],"wp:featuredmedia":[{"embeddable":true,"href":"https:\/\/jj-translation.net\/hr\/wp-json\/wp\/v2\/media\/1513"}],"wp:attachment":[{"href":"https:\/\/jj-translation.net\/hr\/wp-json\/wp\/v2\/media?parent=255"}],"curies":[{"name":"wp","href":"https:\/\/api.w.org\/{rel}","templated":true}]}}