{"id":578,"date":"2021-02-13T09:43:16","date_gmt":"2021-02-13T08:43:16","guid":{"rendered":"http:\/\/jj-translation.net\/?page_id=578"},"modified":"2024-09-21T06:39:47","modified_gmt":"2024-09-21T05:39:47","slug":"ubersetzung","status":"publish","type":"page","link":"https:\/\/jj-translation.net\/hr\/ubersetzung\/","title":{"rendered":"Prijevod"},"content":{"rendered":"\n<p class=\"has-black-color has-pale-ocean-gradient-background has-text-color has-background has-link-color wp-elements-e1f1cb59e12fe5c92f2cea03b2eb69b8\"><strong>SVI jezici! <\/strong><\/p>\n\n\n\n<p class=\"has-black-color has-pale-ocean-gradient-background has-text-color has-background has-link-color wp-elements-5cfcd54472d5376b0817ad0a098de676\"><strong>SVE vrste dokumenata i tekstova!<\/strong><\/p>\n\n\n\n<p class=\"has-black-color has-pale-ocean-gradient-background has-text-color has-background has-link-color wp-elements-13970e7cdc4a4361323893064f51d477\"><strong>Brzo i povoljno! Ovjereni prijevodi priznati u \u010ditavoj EU i Europi!<\/strong><\/p>\n\n\n\n<p class=\"has-black-color has-pale-ocean-gradient-background has-text-color has-background has-link-color wp-elements-52c78625fe5d309007b068c37d22d6a2\"><strong>Cijena prihvatljiva.<\/strong><\/p>\n\n\n\n<p class=\"has-black-color has-pale-ocean-gradient-background has-text-color has-background has-link-color wp-elements-526d5adfe5bbef58494edba57b5b1d0d\"><strong>Posaljite sliku dokumenta kako biste saznali vi\u0161e detalja. Standardni dokumenti (rodni list, potvrda o neka\u017enjavanju itd.) u kombinaciji hrvatski\/bosanski\/srpski-njema\u010dki jezik su primjerice 25\u20ac, ostali dokumenti 10-40\u20ac\/stranica, ovisno o stru\u010dnom jeziku.  <\/strong><\/p>\n\n\n\n<p class=\"has-black-color has-pale-ocean-gradient-background has-text-color has-background has-link-color wp-elements-2cccb08aafc7abfd4031ef5a5f08b31a\"><strong>Specijalizirana sam osobito na tehni\u010dke, pravne i medicinske tekstove &#8211; npr. curriculum medicinskih fakulteta ve\u0107 od 450\u20ac.<\/strong><\/p>\n\n\n\n<p class=\"has-black-color has-pale-ocean-gradient-background has-text-color has-background has-link-color wp-elements-af67c986630cbc8f6505c0709da6716e\"><strong>Moj dugogodi\u0161nji rad obuhva\u0107a i prijevode web stranica, novinskih \u010dlanaka, internet portala, literature, filmova i jo\u0161 puno toga.&nbsp;<\/strong><\/p>\n\n\n\n<p class=\"has-black-color has-pale-ocean-gradient-background has-text-color has-background has-link-color wp-elements-ce192573927e8e3f5ae5fb1a56f9cbc7\"><strong>Nudim lektoriranje diplomskih radova i drugih tekstova. Ne vr\u0161im samo gramati\u010dku i stilisti\u010dku obradu nego i potrebno tehni\u010dko formatiranje prema stilskom vodi\u010du.<\/strong><\/p>\n\n\n\n<p class=\"has-black-color has-pale-ocean-gradient-background has-text-color has-background has-link-color wp-elements-64089b9c7b751ca1f0c4592901f0802a\"><strong>Klijenti i poslodavci su izme\u0111u ostalog agencija <em>Quamprimum<\/em>, osiguravaju\u0107a ku\u0107a <em>Finova<\/em>, \u0161kola jezika <em>Safari<\/em>, \u010dasopis <em>Kosmo<\/em>, televizijska ku\u0107a <em>Okto<\/em>, <em>Marijina legija<\/em>, <em>OFS Austrija, <\/em>udruga<em> Hrvatski dom<\/em> i mnogi drugi.<\/strong><\/p>\n\n\n\n<p class=\"has-text-align-center has-vivid-red-color has-blush-light-purple-gradient-background has-text-color has-background has-link-color wp-elements-5455d6068edab4f743cfc09c2a04a0c4\"><strong><a href=\"http:\/\/jj-translation.net\/hr\/contact-me\/\">Kontaktirajte<\/a> me za vi\u0161e informacija!<\/strong><\/p>\n","protected":false},"excerpt":{"rendered":"<p>SVI jezici! SVE vrste dokumenata i tekstova! Brzo i povoljno! Ovjereni prijevodi priznati u \u010ditavoj EU i Europi! Cijena prihvatljiva. Posaljite sliku dokumenta kako biste saznali vi\u0161e detalja. Standardni dokumenti [&hellip;]<\/p>\n","protected":false},"author":1,"featured_media":1514,"parent":0,"menu_order":0,"comment_status":"closed","ping_status":"closed","template":"","meta":{"footnotes":"","_links_to":"","_links_to_target":""},"class_list":["post-578","page","type-page","status-publish","has-post-thumbnail","hentry"],"translation":{"provider":"WPGlobus","version":"3.0.2","language":"hr","enabled_languages":["en","de","hr"],"languages":{"en":{"title":true,"content":true,"excerpt":false},"de":{"title":true,"content":true,"excerpt":false},"hr":{"title":true,"content":true,"excerpt":false}}},"rise-blocks_excerpt":"SVI jezici! SVE vrste dokumenata i tekstova! Brzo i povoljno! Ovjereni prijevodi priznati u \u010ditavoj EU i Europi! Cijena prihvatljiva. Posaljite sliku dokumenta kako biste saznali vi\u0161e detalja. Standardni dokumenti..","_links":{"self":[{"href":"https:\/\/jj-translation.net\/hr\/wp-json\/wp\/v2\/pages\/578","targetHints":{"allow":["GET"]}}],"collection":[{"href":"https:\/\/jj-translation.net\/hr\/wp-json\/wp\/v2\/pages"}],"about":[{"href":"https:\/\/jj-translation.net\/hr\/wp-json\/wp\/v2\/types\/page"}],"author":[{"embeddable":true,"href":"https:\/\/jj-translation.net\/hr\/wp-json\/wp\/v2\/users\/1"}],"replies":[{"embeddable":true,"href":"https:\/\/jj-translation.net\/hr\/wp-json\/wp\/v2\/comments?post=578"}],"version-history":[{"count":50,"href":"https:\/\/jj-translation.net\/hr\/wp-json\/wp\/v2\/pages\/578\/revisions"}],"predecessor-version":[{"id":1429,"href":"https:\/\/jj-translation.net\/hr\/wp-json\/wp\/v2\/pages\/578\/revisions\/1429"}],"wp:featuredmedia":[{"embeddable":true,"href":"https:\/\/jj-translation.net\/hr\/wp-json\/wp\/v2\/media\/1514"}],"wp:attachment":[{"href":"https:\/\/jj-translation.net\/hr\/wp-json\/wp\/v2\/media?parent=578"}],"curies":[{"name":"wp","href":"https:\/\/api.w.org\/{rel}","templated":true}]}}